{"id":238,"date":"2011-10-31T19:08:16","date_gmt":"2011-10-31T19:08:16","guid":{"rendered":"http:\/\/www.arbeitskreis-geologie.de\/?page_id=238"},"modified":"2014-04-07T20:51:14","modified_gmt":"2014-04-07T19:51:14","slug":"impressum","status":"publish","type":"page","link":"https:\/\/www.arbeitskreis-geologie.de\/?page_id=238","title":{"rendered":"Impressum"},"content":{"rendered":"<div>\n<h3>Admin:<\/h3>\n<p>Elke Trommer<br \/>\nDamm 22<br \/>\n26135 Oldenburg<\/p>\n<p>elke.trommer@gmx.de<\/p>\n<h3>Haftungshinweis<\/h3>\n<p>Wir \u00fcbernehmen keine Haftung f\u00fcr die Inhalte externer Links. F\u00fcr den Inhalt der verlinkten Seiten sind ausschlie\u00dflich deren Betreiber verantwortlich.<\/p>\n<\/div>\n","protected":false},"excerpt":{"rendered":"<p>Admin: Elke Trommer Damm 22 26135 Oldenburg elke.trommer@gmx.de Haftungshinweis Wir \u00fcbernehmen keine Haftung f\u00fcr die Inhalte externer Links. F\u00fcr den Inhalt der verlinkten Seiten sind ausschlie\u00dflich deren Betreiber verantwortlich.<\/p>\n","protected":false},"author":1,"featured_media":0,"parent":0,"menu_order":7,"comment_status":"closed","ping_status":"open","template":"","meta":{"ngg_post_thumbnail":0,"footnotes":""},"class_list":["post-238","page","type-page","status-publish","hentry"],"_links":{"self":[{"href":"https:\/\/www.arbeitskreis-geologie.de\/index.php?rest_route=\/wp\/v2\/pages\/238","targetHints":{"allow":["GET"]}}],"collection":[{"href":"https:\/\/www.arbeitskreis-geologie.de\/index.php?rest_route=\/wp\/v2\/pages"}],"about":[{"href":"https:\/\/www.arbeitskreis-geologie.de\/index.php?rest_route=\/wp\/v2\/types\/page"}],"author":[{"embeddable":true,"href":"https:\/\/www.arbeitskreis-geologie.de\/index.php?rest_route=\/wp\/v2\/users\/1"}],"replies":[{"embeddable":true,"href":"https:\/\/www.arbeitskreis-geologie.de\/index.php?rest_route=%2Fwp%2Fv2%2Fcomments&post=238"}],"version-history":[{"count":10,"href":"https:\/\/www.arbeitskreis-geologie.de\/index.php?rest_route=\/wp\/v2\/pages\/238\/revisions"}],"predecessor-version":[{"id":242,"href":"https:\/\/www.arbeitskreis-geologie.de\/index.php?rest_route=\/wp\/v2\/pages\/238\/revisions\/242"}],"wp:attachment":[{"href":"https:\/\/www.arbeitskreis-geologie.de\/index.php?rest_route=%2Fwp%2Fv2%2Fmedia&parent=238"}],"curies":[{"name":"wp","href":"https:\/\/api.w.org\/{rel}","templated":true}]}}